{"id":497,"date":"2024-06-21T02:58:33","date_gmt":"2024-06-21T02:58:33","guid":{"rendered":"https:\/\/www.motoelectrique.ca\/?post_type=product&#038;p=497"},"modified":"2025-05-13T18:41:51","modified_gmt":"2025-05-13T18:41:51","slug":"trottinette-noir-location","status":"publish","type":"product","link":"https:\/\/www.motoelectrique.ca\/?product=trottinette-noir-location","title":{"rendered":"Smooth City (Location)"},"content":{"rendered":"<ul>\n<li>18 ans et +<\/li>\n<li>INCLUS: Casque<\/li>\n<li>D\u00e9p\u00f4t de 200$ (remboursable)<\/li>\n<li>Batterie: 48V<\/li>\n<\/ul>\n","protected":false},"excerpt":{"rendered":"<ul>\n<li>Un d\u00e9p\u00f4t remboursable de 100\u202f$ est requis pour les trottinettes, et de 200\u202f$ pour les v\u00e9los \u00e9lectriques.<\/li>\n<li>R\u00e9servation r\u00e9serv\u00e9e aux personnes de 18 ans et plus.<\/li>\n<li>Une pi\u00e8ce d\u2019identit\u00e9 est n\u00e9cessaire.<\/li>\n<li>Une fois votre r\u00e9servation compl\u00e9t\u00e9e, vous recevrez un courriel contenant les instructions pour vous rendre \u00e0 notre emplacement situ\u00e9 dans le quartier <strong data-start=\"339\" data-end=\"383\">Plateau-Mont-Royal (H2W 1V5), \u00e0 Montr\u00e9al<\/strong>.<\/li>\n<\/ul>\n<p>&nbsp;<\/p>\n<ul>\n<li>A refundable deposit of $100 is required for scooters, and $200 for electric bikes.<\/li>\n<li>Reservations are for individuals aged 18 and over only.<\/li>\n<li>A valid ID is required.<\/li>\n<li>Once your reservation is complete, you will receive an email with instructions to get to our location in the\u00a0<strong data-start=\"339\" data-end=\"383\">Plateau-Mont-Royal (H2W 1V5), \u00e0 Montr\u00e9al<\/strong>.<\/li>\n<li style=\"list-style-type: none;\"><\/li>\n<\/ul>\n","protected":false},"featured_media":1213,"template":"","meta":[],"product_brand":[],"product_cat":[73,35],"product_tag":[30,36],"class_list":{"0":"post-497","1":"product","2":"type-product","3":"status-publish","4":"has-post-thumbnail","6":"product_cat-location","7":"product_cat-trottinette","8":"product_tag-electrique","9":"product_tag-trottinette-noir","11":"first","12":"instock","13":"taxable","14":"shipping-taxable","15":"purchasable","16":"product-type-redq_rental"},"_links":{"self":[{"href":"https:\/\/www.motoelectrique.ca\/index.php?rest_route=\/wp\/v2\/product\/497","targetHints":{"allow":["GET"]}}],"collection":[{"href":"https:\/\/www.motoelectrique.ca\/index.php?rest_route=\/wp\/v2\/product"}],"about":[{"href":"https:\/\/www.motoelectrique.ca\/index.php?rest_route=\/wp\/v2\/types\/product"}],"version-history":[{"count":14,"href":"https:\/\/www.motoelectrique.ca\/index.php?rest_route=\/wp\/v2\/product\/497\/revisions"}],"predecessor-version":[{"id":1306,"href":"https:\/\/www.motoelectrique.ca\/index.php?rest_route=\/wp\/v2\/product\/497\/revisions\/1306"}],"wp:featuredmedia":[{"embeddable":true,"href":"https:\/\/www.motoelectrique.ca\/index.php?rest_route=\/wp\/v2\/media\/1213"}],"wp:attachment":[{"href":"https:\/\/www.motoelectrique.ca\/index.php?rest_route=%2Fwp%2Fv2%2Fmedia&parent=497"}],"wp:term":[{"taxonomy":"product_brand","embeddable":true,"href":"https:\/\/www.motoelectrique.ca\/index.php?rest_route=%2Fwp%2Fv2%2Fproduct_brand&post=497"},{"taxonomy":"product_cat","embeddable":true,"href":"https:\/\/www.motoelectrique.ca\/index.php?rest_route=%2Fwp%2Fv2%2Fproduct_cat&post=497"},{"taxonomy":"product_tag","embeddable":true,"href":"https:\/\/www.motoelectrique.ca\/index.php?rest_route=%2Fwp%2Fv2%2Fproduct_tag&post=497"}],"curies":[{"name":"wp","href":"https:\/\/api.w.org\/{rel}","templated":true}]}}